{"id":33677,"date":"2024-01-24T20:43:54","date_gmt":"2024-01-24T19:43:54","guid":{"rendered":"https:\/\/www.eweiskar.de\/ueber-mich-copy\/"},"modified":"2025-05-04T16:23:24","modified_gmt":"2025-05-04T14:23:24","slug":"ueber-mich","status":"publish","type":"page","link":"https:\/\/www.eweiskar.de\/en\/ueber-mich\/","title":{"rendered":"\u00dcBER MICH"},"content":{"rendered":"<div data-elementor-type=\"wp-post\" data-elementor-id=\"33677\" class=\"elementor elementor-33677\" data-elementor-post-type=\"page\">\n\t\t\t\t<div class=\"elementor-element elementor-element-08a525c e-flex e-con-boxed neuron-fixed-no e-con e-parent\" data-id=\"08a525c\" data-element_type=\"container\">\n\t\t\t\t\t<div class=\"e-con-inner\">\n\t\t<div class=\"elementor-element elementor-element-ef5cf08 elementor-hidden-phone e-flex e-con-boxed neuron-fixed-no e-con e-child\" data-id=\"ef5cf08\" data-element_type=\"container\" data-settings=\"{&quot;background_background&quot;:&quot;classic&quot;}\">\n\t\t\t\t\t<div class=\"e-con-inner\">\n\t\t\t\t<div class=\"elementor-element elementor-element-34cb8fa elementor-widget elementor-widget-image\" data-id=\"34cb8fa\" data-element_type=\"widget\" data-widget_type=\"image.default\">\n\t\t\t\t<div class=\"elementor-widget-container\">\n\t\t\t\t\t\t\t\t\t\t\t\t\t\t\t<img fetchpriority=\"high\" decoding=\"async\" width=\"600\" height=\"900\" src=\"https:\/\/www.eweiskar.de\/wp-content\/uploads\/2022\/06\/eweiskar-600x900.jpg\" class=\"attachment-woocommerce_single size-woocommerce_single wp-image-31009\" alt=\"Elena Weiskar Grafikdesignerin und K\u00fcnstlerin\" srcset=\"https:\/\/www.eweiskar.de\/wp-content\/uploads\/2022\/06\/eweiskar-600x900.jpg 600w, https:\/\/www.eweiskar.de\/wp-content\/uploads\/2022\/06\/eweiskar-200x300.jpg 200w, https:\/\/www.eweiskar.de\/wp-content\/uploads\/2022\/06\/eweiskar-683x1024.jpg 683w, https:\/\/www.eweiskar.de\/wp-content\/uploads\/2022\/06\/eweiskar-768x1152.jpg 768w, https:\/\/www.eweiskar.de\/wp-content\/uploads\/2022\/06\/eweiskar-1024x1536.jpg 1024w, https:\/\/www.eweiskar.de\/wp-content\/uploads\/2022\/06\/eweiskar.jpg 1210w\" sizes=\"(max-width: 600px) 100vw, 600px\" \/>\t\t\t\t\t\t\t\t\t\t\t\t\t\t\t<\/div>\n\t\t\t\t<\/div>\n\t\t\t\t\t<\/div>\n\t\t\t\t<\/div>\n\t\t<div class=\"elementor-element elementor-element-c8e0d22 e-flex e-con-boxed neuron-fixed-no e-con e-child\" data-id=\"c8e0d22\" data-element_type=\"container\">\n\t\t\t\t\t<div class=\"e-con-inner\">\n\t\t<div class=\"elementor-element elementor-element-193d39c e-con-full e-flex neuron-fixed-no e-con e-child\" data-id=\"193d39c\" data-element_type=\"container\">\n\t\t\t\t<div class=\"elementor-element elementor-element-ac75934 elementor-widget elementor-widget-heading\" data-id=\"ac75934\" data-element_type=\"widget\" data-widget_type=\"heading.default\">\n\t\t\t\t<div class=\"elementor-widget-container\">\n\t\t\t\t\t<h5 class=\"elementor-heading-title elementor-size-default\">eweiskar<\/h5>\t\t\t\t<\/div>\n\t\t\t\t<\/div>\n\t\t\t\t<div class=\"elementor-element elementor-element-bbf2bcc elementor-widget elementor-widget-heading\" data-id=\"bbf2bcc\" data-element_type=\"widget\" data-widget_type=\"heading.default\">\n\t\t\t\t<div class=\"elementor-widget-container\">\n\t\t\t\t\t<h5 class=\"elementor-heading-title elementor-size-default\">WITH CREATIVITY, EXPERIENCE AND A LOVE FOR DETAILS<\/h5>\t\t\t\t<\/div>\n\t\t\t\t<\/div>\n\t\t\t\t<div class=\"elementor-element elementor-element-766a979 elementor-widget elementor-widget-heading\" data-id=\"766a979\" data-element_type=\"widget\" data-widget_type=\"heading.default\">\n\t\t\t\t<div class=\"elementor-widget-container\">\n\t\t\t\t\t<h1 class=\"elementor-heading-title elementor-size-default\">DESIGN &amp; ILLUSTRATION<\/h1>\t\t\t\t<\/div>\n\t\t\t\t<\/div>\n\t\t\t\t<div class=\"elementor-element elementor-element-5d0d072 elementor-widget elementor-widget-text-editor\" data-id=\"5d0d072\" data-element_type=\"widget\" data-widget_type=\"text-editor.default\">\n\t\t\t\t<div class=\"elementor-widget-container\">\n\t\t\t\t\t\t\t\t\t<p class=\"p1\">Hello, I'm Elena Weiskar, a freelance graphic designer and artist with over 13 years of experience. My expertise includes 3D design, print, image editing, and illustrations, with a constant focus on a precise eye for details and the essentials.<\/p><p class=\"p1\">In my extensive experience, I have effectively collaborated with agencies, mid-sized companies, and individuals to develop creative solutions in the mentioned areas. My comprehensive knowledge enables me to implement projects that meet the individual requirements and desires of my clients.<\/p><p class=\"p1\">Selbstmotivation und der Drang, Dinge voranzutreiben, sind meine treibenden Kr\u00e4fte. Von der Ideenfindung \u00fcber den Entwurf bis zum finalen Ergebnis stehe ich Ihnen mit Kreativit\u00e4t und unbegrenzter Motivation zur Seite. Meine Arbeitsweise ist durch Selbstst\u00e4ndigkeit, strukturiertes Arbeiten und Zuverl\u00e4ssigkeit gepr\u00e4gt, mit dem klaren Ziel, durch ausdrucksstarke und ansprechende grafische L\u00f6sungen Ihre Zielgruppe optimal zu erreichen.<\/p><p class=\"p1\">If you are seeking an experienced graphic designer who focuses on precise details, outstanding graphic solutions, and brings your visions to life, I am the right partner for your project!<\/p>\t\t\t\t\t\t\t\t<\/div>\n\t\t\t\t<\/div>\n\t\t\t\t<\/div>\n\t\t\t\t\t<\/div>\n\t\t\t\t<\/div>\n\t\t\t\t\t<\/div>\n\t\t\t\t<\/div>\n\t\t<div class=\"elementor-element elementor-element-73f3b3f e-flex e-con-boxed neuron-fixed-no e-con e-parent\" data-id=\"73f3b3f\" data-element_type=\"container\" data-settings=\"{&quot;background_background&quot;:&quot;classic&quot;}\">\n\t\t\t\t\t<div class=\"e-con-inner\">\n\t\t\t\t<div class=\"elementor-element elementor-element-b0179c6 elementor-widget elementor-widget-heading\" data-id=\"b0179c6\" data-element_type=\"widget\" data-widget_type=\"heading.default\">\n\t\t\t\t<div class=\"elementor-widget-container\">\n\t\t\t\t\t<h2 class=\"elementor-heading-title elementor-size-default\">SERVICE<\/h2>\t\t\t\t<\/div>\n\t\t\t\t<\/div>\n\t\t\t\t<div class=\"elementor-element elementor-element-424b20b elementor-widget elementor-widget-text-editor\" data-id=\"424b20b\" data-element_type=\"widget\" data-widget_type=\"text-editor.default\">\n\t\t\t\t<div class=\"elementor-widget-container\">\n\t\t\t\t\t\t\t\t\t<p>Every project starts with a free and non-binding initial consultation. Thereby you tell me about your project and learn everything about my procedures and target agreements.<\/p>\t\t\t\t\t\t\t\t<\/div>\n\t\t\t\t<\/div>\n\t\t\t\t\t<\/div>\n\t\t\t\t<\/div>\n\t\t<div class=\"elementor-element elementor-element-2ea3de4 e-flex e-con-boxed neuron-fixed-no e-con e-parent\" data-id=\"2ea3de4\" data-element_type=\"container\" data-settings=\"{&quot;background_background&quot;:&quot;classic&quot;}\">\n\t\t\t\t\t<div class=\"e-con-inner\">\n\t\t<div class=\"elementor-element elementor-element-7be4719 e-con-full e-flex neuron-fixed-no e-con e-child\" data-id=\"7be4719\" data-element_type=\"container\">\n\t\t\t\t<div class=\"elementor-element elementor-element-0c0d6c4 elementor-widget elementor-widget-heading\" data-id=\"0c0d6c4\" data-element_type=\"widget\" data-widget_type=\"heading.default\">\n\t\t\t\t<div class=\"elementor-widget-container\">\n\t\t\t\t\t<h5 class=\"elementor-heading-title elementor-size-default\">Print Design<\/h5>\t\t\t\t<\/div>\n\t\t\t\t<\/div>\n\t\t\t\t<div class=\"elementor-element elementor-element-d879d61 elementor-widget elementor-widget-text-editor\" data-id=\"d879d61\" data-element_type=\"widget\" data-widget_type=\"text-editor.default\">\n\t\t\t\t<div class=\"elementor-widget-container\">\n\t\t\t\t\t\t\t\t\t<p>Whether you need a logo, corporate design, flyer, or poster, I support you in creating expressive print media.<\/p>\t\t\t\t\t\t\t\t<\/div>\n\t\t\t\t<\/div>\n\t\t\t\t<\/div>\n\t\t<div class=\"elementor-element elementor-element-98bafb9 e-con-full e-flex neuron-fixed-no e-con e-child\" data-id=\"98bafb9\" data-element_type=\"container\">\n\t\t\t\t<div class=\"elementor-element elementor-element-d046d73 elementor-widget elementor-widget-heading\" data-id=\"d046d73\" data-element_type=\"widget\" data-widget_type=\"heading.default\">\n\t\t\t\t<div class=\"elementor-widget-container\">\n\t\t\t\t\t<h5 class=\"elementor-heading-title elementor-size-default\">3D Visualization<\/h5>\t\t\t\t<\/div>\n\t\t\t\t<\/div>\n\t\t\t\t<div class=\"elementor-element elementor-element-d852ca1 elementor-widget elementor-widget-text-editor\" data-id=\"d852ca1\" data-element_type=\"widget\" data-widget_type=\"text-editor.default\">\n\t\t\t\t<div class=\"elementor-widget-container\">\n\t\t\t\t\t\t\t\t\t<p>Realistic architectural and product visualizations in 3D.<\/p>\t\t\t\t\t\t\t\t<\/div>\n\t\t\t\t<\/div>\n\t\t\t\t<\/div>\n\t\t\t\t\t<\/div>\n\t\t\t\t<\/div>\n\t\t<div class=\"elementor-element elementor-element-a9a2b86 e-flex e-con-boxed neuron-fixed-no e-con e-parent\" data-id=\"a9a2b86\" data-element_type=\"container\" data-settings=\"{&quot;background_background&quot;:&quot;classic&quot;}\">\n\t\t\t\t\t<div class=\"e-con-inner\">\n\t\t<div class=\"elementor-element elementor-element-c431a36 e-con-full e-flex neuron-fixed-no e-con e-child\" data-id=\"c431a36\" data-element_type=\"container\">\n\t\t\t\t<div class=\"elementor-element elementor-element-21ebdde elementor-widget elementor-widget-heading\" data-id=\"21ebdde\" data-element_type=\"widget\" data-widget_type=\"heading.default\">\n\t\t\t\t<div class=\"elementor-widget-container\">\n\t\t\t\t\t<h5 class=\"elementor-heading-title elementor-size-default\">Image editing<\/h5>\t\t\t\t<\/div>\n\t\t\t\t<\/div>\n\t\t\t\t<div class=\"elementor-element elementor-element-b4edd7c elementor-widget elementor-widget-text-editor\" data-id=\"b4edd7c\" data-element_type=\"widget\" data-widget_type=\"text-editor.default\">\n\t\t\t\t<div class=\"elementor-widget-container\">\n\t\t\t\t\t\t\t\t\t<p>Matte painting, compositing, photo manipulation, retouching.<\/p>\t\t\t\t\t\t\t\t<\/div>\n\t\t\t\t<\/div>\n\t\t\t\t<\/div>\n\t\t<div class=\"elementor-element elementor-element-9d1553e e-con-full e-flex neuron-fixed-no e-con e-child\" data-id=\"9d1553e\" data-element_type=\"container\">\n\t\t\t\t<div class=\"elementor-element elementor-element-0f46a18 elementor-widget elementor-widget-heading\" data-id=\"0f46a18\" data-element_type=\"widget\" data-widget_type=\"heading.default\">\n\t\t\t\t<div class=\"elementor-widget-container\">\n\t\t\t\t\t<h5 class=\"elementor-heading-title elementor-size-default\">Illustration<\/h5>\t\t\t\t<\/div>\n\t\t\t\t<\/div>\n\t\t\t\t<div class=\"elementor-element elementor-element-da2b9db elementor-widget elementor-widget-text-editor\" data-id=\"da2b9db\" data-element_type=\"widget\" data-widget_type=\"text-editor.default\">\n\t\t\t\t<div class=\"elementor-widget-container\">\n\t\t\t\t\t\t\t\t\t<p>Creation of digital illustrations for commercial purposes, concept art, character design, etc.<\/p>\t\t\t\t\t\t\t\t<\/div>\n\t\t\t\t<\/div>\n\t\t\t\t<\/div>\n\t\t\t\t\t<\/div>\n\t\t\t\t<\/div>\n\t\t<div class=\"elementor-element elementor-element-0b237c8 e-flex e-con-boxed neuron-fixed-no e-con e-parent\" data-id=\"0b237c8\" data-element_type=\"container\">\n\t\t\t\t\t<div class=\"e-con-inner\">\n\t\t\t\t<div class=\"elementor-element elementor-element-884b8e1 elementor-widget elementor-widget-spacer\" data-id=\"884b8e1\" data-element_type=\"widget\" data-widget_type=\"spacer.default\">\n\t\t\t\t<div class=\"elementor-widget-container\">\n\t\t\t\t\t\t\t<div class=\"elementor-spacer\">\n\t\t\t<div class=\"elementor-spacer-inner\"><\/div>\n\t\t<\/div>\n\t\t\t\t\t\t<\/div>\n\t\t\t\t<\/div>\n\t\t\t\t<div class=\"elementor-element elementor-element-57b5367 elementor-widget elementor-widget-heading\" data-id=\"57b5367\" data-element_type=\"widget\" data-widget_type=\"heading.default\">\n\t\t\t\t<div class=\"elementor-widget-container\">\n\t\t\t\t\t<h4 class=\"elementor-heading-title elementor-size-default\">Do you have projects you`d like to discuss?<\/h4>\t\t\t\t<\/div>\n\t\t\t\t<\/div>\n\t\t\t\t<div class=\"elementor-element elementor-element-6134fa5 elementor-align-center elementor-widget elementor-widget-button\" data-id=\"6134fa5\" data-element_type=\"widget\" data-widget_type=\"button.default\">\n\t\t\t\t<div class=\"elementor-widget-container\">\n\t\t\t\t\t\t\t\t\t<div class=\"elementor-button-wrapper\">\n\t\t\t\t\t<a class=\"elementor-button elementor-button-link elementor-size-md\" href=\"https:\/\/www.eweiskar.de\/en\/kontakt\/\">\n\t\t\t\t\t\t<span class=\"elementor-button-content-wrapper\">\n\t\t\t\t\t\t\t\t\t<span class=\"elementor-button-text\">Get in touch<\/span>\n\t\t\t\t\t<\/span>\n\t\t\t\t\t<\/a>\n\t\t\t\t<\/div>\n\t\t\t\t\t\t\t\t<\/div>\n\t\t\t\t<\/div>\n\t\t\t\t\t<\/div>\n\t\t\t\t<\/div>\n\t\t<div class=\"elementor-element elementor-element-8a13932 e-flex e-con-boxed neuron-fixed-no e-con e-parent\" data-id=\"8a13932\" data-element_type=\"container\">\n\t\t\t\t\t<div class=\"e-con-inner\">\n\t\t<div class=\"elementor-element elementor-element-09ca731 e-flex e-con-boxed neuron-fixed-no e-con e-child\" data-id=\"09ca731\" data-element_type=\"container\">\n\t\t\t\t\t<div class=\"e-con-inner\">\n\t\t<div class=\"elementor-element elementor-element-0d2639c e-con-full e-flex neuron-fixed-no e-con e-child\" data-id=\"0d2639c\" data-element_type=\"container\">\n\t\t\t\t<div class=\"elementor-element elementor-element-b877c10 elementor-widget elementor-widget-heading\" data-id=\"b877c10\" data-element_type=\"widget\" data-widget_type=\"heading.default\">\n\t\t\t\t<div class=\"elementor-widget-container\">\n\t\t\t\t\t<h5 class=\"elementor-heading-title elementor-size-default\">AND THEN THERE WAS STILL<\/h5>\t\t\t\t<\/div>\n\t\t\t\t<\/div>\n\t\t\t\t<div class=\"elementor-element elementor-element-4b67aa8 elementor-widget elementor-widget-heading\" data-id=\"4b67aa8\" data-element_type=\"widget\" data-widget_type=\"heading.default\">\n\t\t\t\t<div class=\"elementor-widget-container\">\n\t\t\t\t\t<h1 class=\"elementor-heading-title elementor-size-default\">THE ART<\/h1>\t\t\t\t<\/div>\n\t\t\t\t<\/div>\n\t\t\t\t<div class=\"elementor-element elementor-element-bc6613e elementor-widget elementor-widget-text-editor\" data-id=\"bc6613e\" data-element_type=\"widget\" data-widget_type=\"text-editor.default\">\n\t\t\t\t<div class=\"elementor-widget-container\">\n\t\t\t\t\t\t\t\t\t<p class=\"p1\">I grew up in the tranquil small town of L\u00f6ningen in Lower Saxony. Even in my childhood, painting and drawing were more than just pastimes. Walls and doors became my canvas \u2013 a creative expression that didn't always meet with enthusiasm from my parents.<\/p>\n<p class=\"p1\">At the age of 16, I started taking art classes at a local art school, and from that moment on, drawing and painting became an indispensable part of my life. A year later, I began taking on small commissioned projects and participating in exhibitions.<\/p>\n<p class=\"p1\">In 2008, I moved to Berlin to pursue a training in communication design. During this period of education, I explored the world of digital painting, temporarily placing traditional painting in the background.<\/p>\n<p class=\"p1\">After 10 years in the urban setting, I was drawn back to my rural hometown in 2019, and traditional drawing once again took center stage.<br>The rediscovery of traditional techniques was like a reunion with a long-lost friend. Since then, realistic drawing has been a daily companion, and each stroke carries a part of my personality. Behind every drawing lies over 100 hours of dedication.&nbsp;<span style=\"font-size: 15px; text-align: var(--text-align);\">In my role as a communication designer, the focus often revolves around the needs of my clients. However, as an artist, my personal visions, emotions, and thoughts seamlessly flow into each of my works.<\/span><\/p>\n<p class=\"p1\">Currently, you have the opportunity to acquire my drawings in my shop as high-quality, limited edition art prints. Would you like a deeper insight into my creative process? Then follow me on <a href=\"https:\/\/www.instagram.com\/eweiskar_art\/\">Instagram<\/a> and <a href=\"https:\/\/www.tiktok.com\/@eweiskar\">TikTok<\/a> under 'eweiskar,' where I not only showcase my art but also the journey behind it \u2013 authentic and unfiltered.<\/p>\t\t\t\t\t\t\t\t<\/div>\n\t\t\t\t<\/div>\n\t\t\t\t<\/div>\n\t\t\t\t\t<\/div>\n\t\t\t\t<\/div>\n\t\t<div class=\"elementor-element elementor-element-6516712 elementor-hidden-phone e-flex e-con-boxed neuron-fixed-no e-con e-child\" data-id=\"6516712\" data-element_type=\"container\" data-settings=\"{&quot;background_background&quot;:&quot;classic&quot;}\">\n\t\t\t\t\t<div class=\"e-con-inner\">\n\t\t\t\t<div class=\"elementor-element elementor-element-e3eb601 elementor-widget elementor-widget-image\" data-id=\"e3eb601\" data-element_type=\"widget\" data-widget_type=\"image.default\">\n\t\t\t\t<div class=\"elementor-widget-container\">\n\t\t\t\t\t\t\t\t\t\t\t\t\t\t\t<img decoding=\"async\" width=\"600\" height=\"960\" src=\"https:\/\/www.eweiskar.de\/wp-content\/uploads\/2024\/01\/eweiskar_Kunst-600x960.webp\" class=\"attachment-woocommerce_single size-woocommerce_single wp-image-33760\" alt=\"Elena Weiskar, Design &amp; Illustration\" srcset=\"https:\/\/www.eweiskar.de\/wp-content\/uploads\/2024\/01\/eweiskar_Kunst-600x960.webp 600w, https:\/\/www.eweiskar.de\/wp-content\/uploads\/2024\/01\/eweiskar_Kunst-188x300.webp 188w, https:\/\/www.eweiskar.de\/wp-content\/uploads\/2024\/01\/eweiskar_Kunst-640x1024.webp 640w, https:\/\/www.eweiskar.de\/wp-content\/uploads\/2024\/01\/eweiskar_Kunst-768x1228.webp 768w, https:\/\/www.eweiskar.de\/wp-content\/uploads\/2024\/01\/eweiskar_Kunst-8x12.webp 8w, https:\/\/www.eweiskar.de\/wp-content\/uploads\/2024\/01\/eweiskar_Kunst-jpg.webp 786w\" sizes=\"(max-width: 600px) 100vw, 600px\" \/>\t\t\t\t\t\t\t\t\t\t\t\t\t\t\t<\/div>\n\t\t\t\t<\/div>\n\t\t\t\t\t<\/div>\n\t\t\t\t<\/div>\n\t\t\t\t\t<\/div>\n\t\t\t\t<\/div>\n\t\t<div class=\"elementor-element elementor-element-af0ddaf e-flex e-con-boxed neuron-fixed-no e-con e-parent\" data-id=\"af0ddaf\" data-element_type=\"container\">\n\t\t\t\t\t<div class=\"e-con-inner\">\n\t\t\t\t<div class=\"elementor-element elementor-element-b1c6b4b elementor-widget elementor-widget-spacer\" data-id=\"b1c6b4b\" data-element_type=\"widget\" data-widget_type=\"spacer.default\">\n\t\t\t\t<div class=\"elementor-widget-container\">\n\t\t\t\t\t\t\t<div class=\"elementor-spacer\">\n\t\t\t<div class=\"elementor-spacer-inner\"><\/div>\n\t\t<\/div>\n\t\t\t\t\t\t<\/div>\n\t\t\t\t<\/div>\n\t\t\t\t<div class=\"elementor-element elementor-element-759a28d elementor--h-position-center elementor--v-position-middle elementor-arrows-position-inside elementor-widget elementor-widget-slides\" data-id=\"759a28d\" data-element_type=\"widget\" data-settings=\"{&quot;navigation&quot;:&quot;arrows&quot;,&quot;autoplay_speed&quot;:4000,&quot;transition_speed&quot;:400,&quot;autoplay&quot;:&quot;yes&quot;,&quot;pause_on_hover&quot;:&quot;yes&quot;,&quot;pause_on_interaction&quot;:&quot;yes&quot;,&quot;infinite&quot;:&quot;yes&quot;,&quot;transition&quot;:&quot;slide&quot;}\" data-widget_type=\"slides.default\">\n\t\t\t\t<div class=\"elementor-widget-container\">\n\t\t\t\t\t\t\t\t\t<div class=\"elementor-swiper\">\n\t\t\t\t\t<div class=\"elementor-slides-wrapper elementor-main-swiper swiper\" role=\"region\" aria-roledescription=\"carousel\" aria-label=\"Slider\" dir=\"ltr\" data-animation=\"zoomIn\">\n\t\t\t\t<div class=\"swiper-wrapper elementor-slides\">\n\t\t\t\t\t\t\t\t\t\t<div class=\"elementor-repeater-item-9155bc7 swiper-slide\" role=\"group\" aria-roledescription=\"slide\"><div class=\"swiper-slide-bg elementor-ken-burns elementor-ken-burns--in\" role=\"img\" aria-label=\"Detailansicht des Kunstdrucks \u201eINNOCENCE\u201c von Elena Weiskar \u2013 Bleistift- und Kohlezeichnung eines Elefantenbabys mit fein ausgearbeiteten Strukturen, gezeigt im About-me-Slider.\"><\/div><div class=\"elementor-background-overlay\"><\/div><a class=\"swiper-slide-inner\" href=\"https:\/\/www.eweiskar.de\/en\/shop\/\"><div class=\"swiper-slide-contents\"><div class=\"elementor-slide-heading\">High-quality art prints.<\/div><div class=\"elementor-slide-description\">On Hahnem\u00fchle Photo Rag paper with a weight of 308 g\/m\u00b2 (100% cotton).<\/div><div  class=\"elementor-button elementor-slide-button elementor-size-sm\">SHOP<\/div><\/div><\/a><\/div><div class=\"elementor-repeater-item-d0be926 swiper-slide\" role=\"group\" aria-roledescription=\"slide\"><div class=\"swiper-slide-bg elementor-ken-burns elementor-ken-burns--in\" role=\"img\" aria-label=\"Echtheitszertifikat von Elena Weiskar f\u00fcr Kunstdrucke \u2013 Beispiel f\u00fcr die Authentizit\u00e4tsgarantie beim Kauf hochwertiger Fine Art Prints.\"><\/div><div class=\"elementor-background-overlay\"><\/div><a class=\"swiper-slide-inner\" href=\"https:\/\/www.eweiskar.de\/en\/shop\/\"><div class=\"swiper-slide-contents\"><div class=\"elementor-slide-heading\">Limited edition for each size.<\/div><div class=\"elementor-slide-description\">Limited edition art prints are signed, numbered, and delivered with a certificate of authenticity.<\/div><div  class=\"elementor-button elementor-slide-button elementor-size-sm\">SHOP<\/div><\/div><\/a><\/div><div class=\"elementor-repeater-item-dee1c53 swiper-slide\" role=\"group\" aria-roledescription=\"slide\"><div class=\"swiper-slide-bg elementor-ken-burns elementor-ken-burns--in\" role=\"img\" aria-label=\"Detailausschnitt der Bleistift- und Kohlezeichnung \u201eGREED\u201c von Elena Weiskar \u2013 emotionale Portr\u00e4tkunst mit Fokus auf Ausdruck und Intensit\u00e4t im Slider.\"><\/div><div class=\"elementor-background-overlay\"><\/div><a class=\"swiper-slide-inner\" href=\"https:\/\/www.eweiskar.de\/en\/shop\/\"><div class=\"swiper-slide-contents\"><div class=\"elementor-slide-heading\">Different sizes.<\/div><div class=\"elementor-slide-description\">All art prints are offered in various sizes.<\/div><div  class=\"elementor-button elementor-slide-button elementor-size-sm\">SHOP<\/div><\/div><\/a><\/div>\t\t\t\t<\/div>\n\t\t\t\t\t\t\t\t\t\t\t\t\t\t\t<div class=\"elementor-swiper-button elementor-swiper-button-prev\" role=\"button\" tabindex=\"0\" aria-label=\"Previous slide\">\n\t\t\t\t\t\t\t<i aria-hidden=\"true\" class=\"eicon-chevron-left\"><\/i>\t\t\t\t\t\t<\/div>\n\t\t\t\t\t\t<div class=\"elementor-swiper-button elementor-swiper-button-next\" role=\"button\" tabindex=\"0\" aria-label=\"Next slide\">\n\t\t\t\t\t\t\t<i aria-hidden=\"true\" class=\"eicon-chevron-right\"><\/i>\t\t\t\t\t\t<\/div>\n\t\t\t\t\t\t\t\t\t\t\t\t\t\t\t\t\t<\/div>\n\t\t\t\t<\/div>\n\t\t\t\t\t\t\t\t<\/div>\n\t\t\t\t<\/div>\n\t\t\t\t\t<\/div>\n\t\t\t\t<\/div>\n\t\t\t\t<\/div>","protected":false},"excerpt":{"rendered":"<p>eweiskar MIT KREATIVIT\u00c4T, ERFAHRUNG UND EINER LIEBE F\u00dcR DETAILS DESIGN &#038; ILLUSTRATION Hallo, ich bin Elena Weiskar, eine&#8230;<\/p>","protected":false},"author":1,"featured_media":0,"parent":0,"menu_order":60,"comment_status":"closed","ping_status":"closed","template":"","meta":{"_acf_changed":false,"footnotes":""},"class_list":["post-33677","page","type-page","status-publish","hentry"],"acf":[],"_links":{"self":[{"href":"https:\/\/www.eweiskar.de\/en\/wp-json\/wp\/v2\/pages\/33677","targetHints":{"allow":["GET"]}}],"collection":[{"href":"https:\/\/www.eweiskar.de\/en\/wp-json\/wp\/v2\/pages"}],"about":[{"href":"https:\/\/www.eweiskar.de\/en\/wp-json\/wp\/v2\/types\/page"}],"author":[{"embeddable":true,"href":"https:\/\/www.eweiskar.de\/en\/wp-json\/wp\/v2\/users\/1"}],"replies":[{"embeddable":true,"href":"https:\/\/www.eweiskar.de\/en\/wp-json\/wp\/v2\/comments?post=33677"}],"version-history":[{"count":10,"href":"https:\/\/www.eweiskar.de\/en\/wp-json\/wp\/v2\/pages\/33677\/revisions"}],"predecessor-version":[{"id":34099,"href":"https:\/\/www.eweiskar.de\/en\/wp-json\/wp\/v2\/pages\/33677\/revisions\/34099"}],"wp:attachment":[{"href":"https:\/\/www.eweiskar.de\/en\/wp-json\/wp\/v2\/media?parent=33677"}],"curies":[{"name":"wp","href":"https:\/\/api.w.org\/{rel}","templated":true}]}}