{"id":33565,"date":"2024-01-13T18:49:52","date_gmt":"2024-01-13T17:49:52","guid":{"rendered":"https:\/\/www.eweiskar.de\/produkt\/erinnerung-kunstdruck-copy\/"},"modified":"2025-05-14T21:49:02","modified_gmt":"2025-05-14T19:49:02","slug":"greed-kunstdruck","status":"publish","type":"product","link":"https:\/\/www.eweiskar.de\/en\/product\/greed-kunstdruck\/","title":{"rendered":"GREED &#8211; Kunstdruck"},"content":{"rendered":"<h4><strong>Kunstdruck &#8211; GREED\u00a0<\/strong><\/h4>\n<p>Die Originalzeichnung ist mit Bleistift und Kohlestiften auf FABRIANO 4 220g\/m2 Papier gezeichnet.<\/p>\n<p>Der Kunstdruck ist auf hochwertigem Hahnem\u00fchle Photo Rag Papier mit einer Grammatur von 308 g\/m\u00b2 (100 % Baumwolle) gedruckt und in drei verschiedenen Gr\u00f6\u00dfen erh\u00e4ltlich.<\/p>\n<p>F\u00fcr eine m\u00fchelose Einrahmung verf\u00fcgt jeder Druck \u00fcber einen gro\u00dfz\u00fcgigen Wei\u00dfrand von 5 cm.<br \/>\nJeder Druck wird auf diesem Rand signiert und nummeriert, bevor er sicher verpackt verschickt wird.<\/p>\n<p>The edition of each size is limited:<\/p>\n<p>50 x 70cm | 60 x 80cm (white border included) : 20 prints<\/p>\n<p>30 x 42cm | 40 x 52  (white border included) : 30 prints<\/p>\n<p>15 x 21cm | 25 x 31cm (white border included): 50 prints<\/p>\n<p>The logo is not printed.<\/p>\n<p>Frame and passe-partout are not included in the purchase price.<\/p>\n<p>Please note that the actual colors of the artwork may vary depending on your monitor settings.<\/p>\n<p>&nbsp;<\/p>","protected":false},"excerpt":{"rendered":"<h5>GREED &#8211; Kunstdruck<\/h5>\n<p>Material: Hahnem\u00fchle Photo Rag 308 g\/m\u00b2 paper<\/p>\n<p>Available in 3 different sizes, with white border.<\/p>\n<p>The edition of each size is limited:<\/p>\n<p>50 x 70cm | 60 x 80cm (white border included) : 20 prints<\/p>\n<p>30 x 42cm | 40 x 52  (white border included) : 30 prints<\/p>\n<p>15 x 21cm | 25 x 31cm (white border included): 50 prints<\/p>\n<p>&nbsp;<\/p>","protected":false},"featured_media":34133,"template":"elementor_theme","meta":{"_acf_changed":false},"product_brand":[],"product_cat":[46,44,66,278],"product_tag":[],"class_list":{"0":"post-33565","1":"product","2":"type-product","3":"status-publish","4":"has-post-thumbnail","6":"product_cat-bleistiftzeichnung","7":"product_cat-kohlezeichnung","8":"product_cat-limitierte-kunstdrucke","9":"product_cat-zeichnung","11":"first","12":"instock","13":"purchasable","14":"product-type-variable"},"acf":[],"_links":{"self":[{"href":"https:\/\/www.eweiskar.de\/en\/wp-json\/wp\/v2\/product\/33565","targetHints":{"allow":["GET"]}}],"collection":[{"href":"https:\/\/www.eweiskar.de\/en\/wp-json\/wp\/v2\/product"}],"about":[{"href":"https:\/\/www.eweiskar.de\/en\/wp-json\/wp\/v2\/types\/product"}],"version-history":[{"count":10,"href":"https:\/\/www.eweiskar.de\/en\/wp-json\/wp\/v2\/product\/33565\/revisions"}],"predecessor-version":[{"id":34135,"href":"https:\/\/www.eweiskar.de\/en\/wp-json\/wp\/v2\/product\/33565\/revisions\/34135"}],"wp:featuredmedia":[{"embeddable":true,"href":"https:\/\/www.eweiskar.de\/en\/wp-json\/wp\/v2\/media\/34133"}],"wp:attachment":[{"href":"https:\/\/www.eweiskar.de\/en\/wp-json\/wp\/v2\/media?parent=33565"}],"wp:term":[{"taxonomy":"product_brand","embeddable":true,"href":"https:\/\/www.eweiskar.de\/en\/wp-json\/wp\/v2\/product_brand?post=33565"},{"taxonomy":"product_cat","embeddable":true,"href":"https:\/\/www.eweiskar.de\/en\/wp-json\/wp\/v2\/product_cat?post=33565"},{"taxonomy":"product_tag","embeddable":true,"href":"https:\/\/www.eweiskar.de\/en\/wp-json\/wp\/v2\/product_tag?post=33565"}],"curies":[{"name":"wp","href":"https:\/\/api.w.org\/{rel}","templated":true}]}}